{"id":13,"date":"2012-09-29T17:30:16","date_gmt":"2012-09-29T15:30:16","guid":{"rendered":"http:\/\/www.amicidellamusicafumane.it\/a\/?page_id=13"},"modified":"2019-01-15T11:01:12","modified_gmt":"2019-01-15T10:01:12","slug":"13-2","status":"publish","type":"page","link":"https:\/\/www.amicidellamusicafumane.it\/?page_id=13","title":{"rendered":"Il Coro"},"content":{"rendered":"<p style=\"text-align: justify;\"><img loading=\"lazy\" decoding=\"async\" class=\"alignnone\" src=\"http:\/\/www.amicidellamusicafumane.it\/foto\/quarantennale\/images\/frontespizio.jpg\" alt=\"\" width=\"536\" height=\"356\" \/><br \/>\nL\u2019Associazione Amici della Musica di Fumane si costituisce nel 1970 allo\u00a0scopo di divulgare la cultura musicale attraverso l\u2019organizzazione di concerti e conferenze, ma \u00e8 tuttavia con la fondazione del Coro omonimo che inizia la propria attivit\u00e0. Si distingue subito per la qualit\u00e0 delle sue esecuzioni\u00a0ottenendo lusinghieri successi di pubblico e di critica arrivando a vincere\u00a0il Concorso Nazionale di Vittorio Veneto nel 1975. Al filone popolare e\u00a0folkloristico affianca anche la letteratura corale di un certo spessore\u00a0eseguendo pagine di autori del Settecento (Vivaldi e Pergolesi) con\u00a0l\u2019Orchestra da Camera \u201cGiuseppe Torelli\u201d. Dal 2002 il coro \u00e8 diretto da Gian Paolo Dal Dosso che, pur mantenendo la tradizione ultradecennale,\u00a0ha promosso ed incoraggiato lo studio di alcuni capolavori del periodo\u00a0rinascimentale lavorando contemporaneamente sull\u2019impostazione delle voci e sulla qualit\u00e0 del suono vocale. Dopo le partecipazioni ai festivals di\u00a0Aix-en-Provence (Francia,) e di Ile Rousse (Corsica,) il coro ha festeggiato\u00a0i quarant\u2019anni di attivit\u00e0 con un concerto di gala nella splendida cornice di Villa della Torre (2010). Attivo in Italia e all\u2019estero, ha cantato a Appenheim, Passau e Heidelberg (Germania), Innsbruck (Austria), Marsiglia e Strasburgo (Francia), Assisi, Roma, Loreto,Trieste, Rovigo e Bologna. Recentemente ha tenuto i concerti Alto e glorioso Dio ed Et Incarnatus Est con l\u2019Orchestra da\u00a0Camera Amici della Musica eseguendo alcune celebri pagine tra le quali\u00a0il Credo RV 591 di Antonio Vivaldi.<\/p>\n<div align=\"center\"><\/div>\n","protected":false},"excerpt":{"rendered":"<p>L\u2019Associazione Amici della Musica di Fumane si costituisce nel 1970 allo\u00a0scopo di divulgare la cultura musicale attraverso l\u2019organizzazione di concerti e conferenze, ma \u00e8 tuttavia con la fondazione del Coro omonimo che inizia la propria attivit\u00e0. Si distingue subito per la qualit\u00e0 delle sue esecuzioni\u00a0ottenendo lusinghieri successi di pubblico e di critica arrivando a vincere\u00a0il &hellip; <\/p>\n<p><a class=\"more-link btn\" href=\"https:\/\/www.amicidellamusicafumane.it\/?page_id=13\">Continua a leggere<\/a><\/p>\n","protected":false},"author":4,"featured_media":0,"parent":0,"menu_order":1,"comment_status":"open","ping_status":"open","template":"","meta":{"footnotes":""},"class_list":["post-13","page","type-page","status-publish","hentry","nodate","item-wrap"],"_links":{"self":[{"href":"https:\/\/www.amicidellamusicafumane.it\/index.php?rest_route=\/wp\/v2\/pages\/13","targetHints":{"allow":["GET"]}}],"collection":[{"href":"https:\/\/www.amicidellamusicafumane.it\/index.php?rest_route=\/wp\/v2\/pages"}],"about":[{"href":"https:\/\/www.amicidellamusicafumane.it\/index.php?rest_route=\/wp\/v2\/types\/page"}],"author":[{"embeddable":true,"href":"https:\/\/www.amicidellamusicafumane.it\/index.php?rest_route=\/wp\/v2\/users\/4"}],"replies":[{"embeddable":true,"href":"https:\/\/www.amicidellamusicafumane.it\/index.php?rest_route=%2Fwp%2Fv2%2Fcomments&post=13"}],"version-history":[{"count":14,"href":"https:\/\/www.amicidellamusicafumane.it\/index.php?rest_route=\/wp\/v2\/pages\/13\/revisions"}],"predecessor-version":[{"id":3826,"href":"https:\/\/www.amicidellamusicafumane.it\/index.php?rest_route=\/wp\/v2\/pages\/13\/revisions\/3826"}],"wp:attachment":[{"href":"https:\/\/www.amicidellamusicafumane.it\/index.php?rest_route=%2Fwp%2Fv2%2Fmedia&parent=13"}],"curies":[{"name":"wp","href":"https:\/\/api.w.org\/{rel}","templated":true}]}}