{"id":361,"date":"2012-10-12T00:06:51","date_gmt":"2012-10-11T22:06:51","guid":{"rendered":"http:\/\/www.amicidellamusicafumane.it\/?page_id=361"},"modified":"2012-10-12T23:09:31","modified_gmt":"2012-10-12T21:09:31","slug":"primi-al-concorso-1975","status":"publish","type":"page","link":"https:\/\/www.amicidellamusicafumane.it\/?page_id=361","title":{"rendered":"Primi al Concorso 1975"},"content":{"rendered":"<h4>Primi al Concorso Nazionale Corale di Vittorio Veneto<\/h4>\n<p style=\"text-align: justify;\"><a href=\"http:\/\/www.amicidellamusicafumane.it\/immagini\/2012\/10\/coro-023.jpg\" data-lbwps-width=\"800\" data-lbwps-height=\"560\" data-lbwps-srcsmall=\"https:\/\/www.amicidellamusicafumane.it\/immagini\/2012\/10\/coro-023.jpg\"><img loading=\"lazy\" decoding=\"async\" class=\"alignleft  wp-image-366\" title=\"coro 023\" src=\"http:\/\/www.amicidellamusicafumane.it\/immagini\/2012\/10\/coro-023-300x210.jpg\" alt=\"\" width=\"240\" height=\"168\" srcset=\"https:\/\/www.amicidellamusicafumane.it\/immagini\/2012\/10\/coro-023-300x210.jpg 300w, https:\/\/www.amicidellamusicafumane.it\/immagini\/2012\/10\/coro-023.jpg 800w\" sizes=\"auto, (max-width: 240px) 100vw, 240px\" \/><\/a>Raccontare quei momenti \u00e8 difficile, specialmente per chi non c\u2019\u00e8 stato. Riportare le cronache dei giornali servirebbe a poco, gi\u00e0 perch\u00e9 il solo risultato la dice lunga sulla bravura del coro. Meglio far parlare chi c\u2019era: sono i ricordi, le emozioni e le preoccupazioni provate le che fanno rivivere quei momenti.<\/p>\n<h5>I cavalli di battaglia:<\/h5>\n<p>Fischia il vento (obbligatorio)<br \/>\nStella Magiara<br \/>\nE quei briganti neri<\/p>\n<h4>&#8220;Trofeo della Vittoria &#8220;&#8230;&#8230;&#8230; io c&#8217;ero!<\/h4>\n<p><span style=\"text-align: justify;\">Domenica 29 giugno 1975.\u00a0<\/span><\/p>\n<p style=\"text-align: justify;\">Al termine di una serie di prove estenuanti, si parte finalmente\u00a0 per Vittorio Veneto. Quest&#8217;anno il Concorso Nazionale \u00e8 dedicato alla celebrazione del 30\u00b0 anniversario della liberazione e tutti i brani in concorso sono ispirati al tema della libert\u00e0 e della resistenza. Sul pullman il maestro Croci \u00e8 un p\u00f2 preoccupato; si passa una mano tra i capelli. C&#8217;e sempre quel semitono in\u00a0 &#8220;<em>Stella magiara&#8221;<\/em> che i tenori &#8220;<em>imbroccano&#8221;<\/em> una volta su tre. Si alza e va a ripassare insieme ai <em>&#8220;galli&#8221;<\/em> la battuta incriminata: &#8221; &#8230;eri&#8230;. eri&#8230;.&#8221;. Speriamo bene. A Mestre facciamo una sosta per carburarci con quanto abbiamo portato da casa e ne approfittiamo per un&#8217;ultimissima prova. Giunti al teatro di Vittorio Veneto, aspettiamo in una saletta la nostra chiamata. Da una finestra interna possiamo osservare il palcoscenico. Degli altri cori ci impressionano l&#8217;impostazione delle voci, la sicurezza, l&#8217;elegante divisa. Ci rendiamo subito conto che la competizione sar\u00e0 aspra. Venuto il nostro turno, ci disponiamo sul palco con il nostro corto vestitino blu e gli uomini in maniche di camicia. Le mani incrociate dietro alla schiena tradiscono una grande emozione. Non abbiamo spartiti: tutto va a memoria e gli occhi sono fissi in quelli del nostro maestro. <a href=\"http:\/\/www.amicidellamusicafumane.it\/immagini\/2012\/10\/giornale.jpg\" data-lbwps-width=\"536\" data-lbwps-height=\"514\" data-lbwps-srcsmall=\"https:\/\/www.amicidellamusicafumane.it\/immagini\/2012\/10\/giornale.jpg\"><img loading=\"lazy\" decoding=\"async\" class=\" wp-image-376 alignright\" title=\"giornale\" src=\"http:\/\/www.amicidellamusicafumane.it\/immagini\/2012\/10\/giornale-300x287.jpg\" alt=\"\" width=\"240\" height=\"230\" srcset=\"https:\/\/www.amicidellamusicafumane.it\/immagini\/2012\/10\/giornale-300x287.jpg 300w, https:\/\/www.amicidellamusicafumane.it\/immagini\/2012\/10\/giornale.jpg 536w\" sizes=\"auto, (max-width: 240px) 100vw, 240px\" \/><\/a>La sala \u00e8 gremitissima, ma quel che ci mette pi\u00f9 timore \u00e8 la giuria. Sappiamo che tutto verr\u00e0 attentamente valutato: intonazione, vocalit\u00e0, tempo, interpretazione. Per primo eseguiamo &#8220;<em>Fischia il vento&#8221;,<\/em> poi &#8220;<em>Stella Magiara&#8221; <\/em>e per ultimo<em> &#8220;E quei briganti neri&#8221;. <\/em>Terminato l&#8217;ultimo pezzo al grido di<em> <\/em>&#8220;viva l&#8217;Italia&#8221;,<em> <\/em>scoppia in sala un applauso travolgente. Sentiamo di aver dato il massimo e l\u2019entusiasmo di quel pubblico di coristi ce lo conferma. Terminate le audizioni, i cori sono assiepati in teatro in attesa del verdetto della giuria. Il tempo non passa mai. Noi siamo in piedi, tutti vicini. Finalmentela proclamazione. Si inizia dal quarto premio: niente, non siamo noi; poi il terzo, tratteniamo il fiato: ancora niente; forse ci daranno il secondo, pensiamo. Neanche quello. I nostri sguardi si incrociano delusi. Poi viene annunciato: &#8220;Primo premio Trofeo della Vittoria 1975 al Coro Amici della &#8230;..&#8221;. Un boato copre la voce dello speaker. Gioia immensa, baci, abbracci e lacrime di gioia. Andiamo felici sul laghetto del vicino parco a festeggiare. L\u00ec aspettiamo la cerimonia della premiazione e il concerto di gala dei migliori classificati. L&#8217;intera manifestazione viene presentata, in serata, da Aba Cercato al Palazzetto dello Sport e registrata dalla troupe televisiva di RAI 2.\u00a0 E anche noi abbiamo, cos\u00ec, il nostro momento di gloria! A notte fonda, esausti e felici, rientriamo a casa. Sicuramente questa giornata \u00e8 da conservare gelosamente nel cassetto dei nostri ricordi pi\u00f9 cari.<\/p>\n<p style=\"text-align: right;\">Imelda Rossi<\/p>\n<p style=\"text-align: justify;\">Da non dimenticare in questo anno altri momenti importanti: la V\u00b0 rassegna corale alla Gran Guardia, l\u2019accoglienza fatta agli amici di Bormio, La rassegna regionale al\u00a0 Teatro Romano, L\u2019uscita a Castelnovo N\u00e8 Monti e a Soliera, a dicembre in cattedrale a Feltre.<br \/>\nUn anno indimenticabile,\u00a0difficilmente ripetibile.<\/p>\n","protected":false},"excerpt":{"rendered":"<p>Primi al Concorso Nazionale Corale di Vittorio Veneto Raccontare quei momenti \u00e8 difficile, specialmente per chi non c\u2019\u00e8 stato. Riportare le cronache dei giornali servirebbe a poco, gi\u00e0 perch\u00e9 il solo risultato la dice lunga sulla bravura del coro. Meglio far parlare chi c\u2019era: sono i ricordi, le emozioni e le preoccupazioni provate le che &hellip; <\/p>\n<p><a class=\"more-link btn\" href=\"https:\/\/www.amicidellamusicafumane.it\/?page_id=361\">Continua a leggere<\/a><\/p>\n","protected":false},"author":4,"featured_media":0,"parent":378,"menu_order":55,"comment_status":"open","ping_status":"closed","template":"","meta":{"footnotes":""},"class_list":["post-361","page","type-page","status-publish","hentry","nodate","item-wrap"],"_links":{"self":[{"href":"https:\/\/www.amicidellamusicafumane.it\/index.php?rest_route=\/wp\/v2\/pages\/361","targetHints":{"allow":["GET"]}}],"collection":[{"href":"https:\/\/www.amicidellamusicafumane.it\/index.php?rest_route=\/wp\/v2\/pages"}],"about":[{"href":"https:\/\/www.amicidellamusicafumane.it\/index.php?rest_route=\/wp\/v2\/types\/page"}],"author":[{"embeddable":true,"href":"https:\/\/www.amicidellamusicafumane.it\/index.php?rest_route=\/wp\/v2\/users\/4"}],"replies":[{"embeddable":true,"href":"https:\/\/www.amicidellamusicafumane.it\/index.php?rest_route=%2Fwp%2Fv2%2Fcomments&post=361"}],"version-history":[{"count":15,"href":"https:\/\/www.amicidellamusicafumane.it\/index.php?rest_route=\/wp\/v2\/pages\/361\/revisions"}],"predecessor-version":[{"id":444,"href":"https:\/\/www.amicidellamusicafumane.it\/index.php?rest_route=\/wp\/v2\/pages\/361\/revisions\/444"}],"up":[{"embeddable":true,"href":"https:\/\/www.amicidellamusicafumane.it\/index.php?rest_route=\/wp\/v2\/pages\/378"}],"wp:attachment":[{"href":"https:\/\/www.amicidellamusicafumane.it\/index.php?rest_route=%2Fwp%2Fv2%2Fmedia&parent=361"}],"curies":[{"name":"wp","href":"https:\/\/api.w.org\/{rel}","templated":true}]}}