{"id":389,"date":"2012-10-12T21:36:26","date_gmt":"2012-10-12T19:36:26","guid":{"rendered":"http:\/\/www.amicidellamusicafumane.it\/?page_id=389"},"modified":"2012-10-12T22:08:09","modified_gmt":"2012-10-12T20:08:09","slug":"dal-1976-al-1979","status":"publish","type":"page","link":"https:\/\/www.amicidellamusicafumane.it\/?page_id=389","title":{"rendered":"Il Coro dal 1976 al 1979"},"content":{"rendered":"<h4><a href=\"http:\/\/www.amicidellamusicafumane.it\/immagini\/2012\/10\/coro-018.jpg\" data-lbwps-width=\"800\" data-lbwps-height=\"567\" data-lbwps-srcsmall=\"https:\/\/www.amicidellamusicafumane.it\/immagini\/2012\/10\/coro-018.jpg\"><img loading=\"lazy\" decoding=\"async\" class=\"alignleft size-medium wp-image-394\" title=\"coro 018\" src=\"http:\/\/www.amicidellamusicafumane.it\/immagini\/2012\/10\/coro-018-300x212.jpg\" alt=\"\" width=\"300\" height=\"212\" srcset=\"https:\/\/www.amicidellamusicafumane.it\/immagini\/2012\/10\/coro-018-300x212.jpg 300w, https:\/\/www.amicidellamusicafumane.it\/immagini\/2012\/10\/coro-018.jpg 800w\" sizes=\"auto, (max-width: 300px) 100vw, 300px\" \/><\/a><\/h4>\n<p>Col volto sereno ed il fisico stanco<br \/>\nOgnuno \u00e8 presente per l\u2019ora del canto<br \/>\nNe agio ne male in questo convegno<br \/>\nSol pel canto il massimo impegno.<br \/>\nUn sol canto<br \/>\nDa tante voci s\u2019ode soltanto<br \/>\nSi trovano uniti sol per cantare<br \/>\nFraterna amicizia li lega fra loro<br \/>\nQuesto \u00e8 il coro.<\/p>\n<p>(Luciano Guglielmi)<\/p>\n<p>&nbsp;<\/p>\n<p><a style=\"text-align: justify;\" href=\"http:\/\/www.amicidellamusicafumane.it\/immagini\/2012\/10\/coro-019.jpg\" data-lbwps-width=\"800\" data-lbwps-height=\"553\" data-lbwps-srcsmall=\"https:\/\/www.amicidellamusicafumane.it\/immagini\/2012\/10\/coro-019.jpg\"><img loading=\"lazy\" decoding=\"async\" class=\"alignright  wp-image-396\" title=\"coro 019\" src=\"http:\/\/www.amicidellamusicafumane.it\/immagini\/2012\/10\/coro-019-300x207.jpg\" alt=\"\" width=\"240\" height=\"166\" srcset=\"https:\/\/www.amicidellamusicafumane.it\/immagini\/2012\/10\/coro-019-300x207.jpg 300w, https:\/\/www.amicidellamusicafumane.it\/immagini\/2012\/10\/coro-019.jpg 800w\" sizes=\"auto, (max-width: 240px) 100vw, 240px\" \/><\/a><\/p>\n<div>\n<div style=\"text-align: justify;\"><span style=\"color: #0000ee;\"><br \/>\n<\/span><\/div>\n<p style=\"text-align: justify;\">A Venezia c\u2019eravamo anche noi.\u00a0Nel giugno del 1977 \u00e8 stato organizzato un grande incontro corale che vede pi\u00f9 di 1500 coristi suddivisi in 42<br \/>\ncori. Al mattino si canta nelle varie chiese e il pomeriggio tutti in piazza San Marco.<\/p>\n<p style=\"text-align: justify;\">Il nostro repertorio in quegli anni era molto consistente, ricordiamo alcuni brani:<\/p>\n<p style=\"text-align: justify;\">La Pastorella, El Grillo,\u00a0Tenebrae Factae Sunt, So ben mi ch\u2019a bon tempo, Dolcissimo ben mio, E quei briganti neri, La vispa Teresa, Fischia il vento, Kalinka, Ninna nanna russa, Son questi i crespi crini, Ave Verum Corpus, O quant\u2019\u00e8 bello, Pasci Angionedda,\u00a0Canto della sera.<\/p>\n<p style=\"text-align: center;\"><a href=\"http:\/\/www.amicidellamusicafumane.it\/immagini\/2012\/10\/coro-033.jpg\" data-lbwps-width=\"800\" data-lbwps-height=\"556\" data-lbwps-srcsmall=\"https:\/\/www.amicidellamusicafumane.it\/immagini\/2012\/10\/coro-033.jpg\"><img loading=\"lazy\" decoding=\"async\" class=\"wp-image-405 aligncenter\" title=\"coro 033\" src=\"http:\/\/www.amicidellamusicafumane.it\/immagini\/2012\/10\/coro-033-300x208.jpg\" alt=\"\" width=\"240\" height=\"166\" srcset=\"https:\/\/www.amicidellamusicafumane.it\/immagini\/2012\/10\/coro-033-300x208.jpg 300w, https:\/\/www.amicidellamusicafumane.it\/immagini\/2012\/10\/coro-033.jpg 800w\" sizes=\"auto, (max-width: 240px) 100vw, 240px\" \/><\/a><\/p>\n<p style=\"text-align: justify;\">Nell&#8217;ottobre del 1976 si tiene la prima di una lunga serie di rassegne che porteranno a Fumane molti cori. Si \u00e8 cominciato\u00a0 con l\u2019ospitare cori veronesi per poi invitare negli anni successivi cori da tutta l\u2019Italia e\u00a0dall&#8217;estero. Uno degli scopi che il coro \u201cAmici della musica\u201d\u00a0 si \u00e8 dato fin dalla\u00a0fondazione\u00a0\u00e8 quello di far crescere la conoscenza e l\u2019amore per la musica a Fumane. Questa e le successive rappresentazioni hanno sicuramente contribuito al raggiungimento\u00a0 dell\u2019obbiettivo<\/p>\n<p style=\"text-align: justify;\">In tutte le attivit\u00e0 umane \u00e8 importate accrescere la conoscenza per migliorare il risultato. La maniera pi\u00f9 semplice e piacevole per farlo \u00e8 lo scambio di esperienze con altri. La musica non si sottrae a questa considerazione, per questo gli \u201cAmici della Musica\u201d hanno sempre cercato il contatto con altre esperienze musicali. I gemellaggi con Bormio e con Eichstatt di quel periodo sono ancora vivi nei ricordi dei coristi.<\/p>\n<p style=\"text-align: justify;\"><a href=\"http:\/\/www.amicidellamusicafumane.it\/immagini\/2012\/10\/coro-026.jpg\" data-lbwps-width=\"800\" data-lbwps-height=\"591\" data-lbwps-srcsmall=\"https:\/\/www.amicidellamusicafumane.it\/immagini\/2012\/10\/coro-026.jpg\"><img loading=\"lazy\" decoding=\"async\" class=\" wp-image-400 alignleft\" title=\"coro 026\" src=\"http:\/\/www.amicidellamusicafumane.it\/immagini\/2012\/10\/coro-026-300x221.jpg\" alt=\"\" width=\"240\" height=\"177\" srcset=\"https:\/\/www.amicidellamusicafumane.it\/immagini\/2012\/10\/coro-026-300x221.jpg 300w, https:\/\/www.amicidellamusicafumane.it\/immagini\/2012\/10\/coro-026.jpg 800w\" sizes=\"auto, (max-width: 240px) 100vw, 240px\" \/><\/a>Inizia in questo periodo una lunga collaborazione con l\u2019orchestra \u201cG. Torelli\u201d, sorta da poco sotto la guida del nostro maestro Croci.\u00a0Costante \u00e8 la partecipazione alla rassegna provinciale dei cori veronesi, organizzata annualmente alla Gran Guardia.<\/p>\n<\/div>\n","protected":false},"excerpt":{"rendered":"<p>Col volto sereno ed il fisico stanco Ognuno \u00e8 presente per l\u2019ora del canto Ne agio ne male in questo convegno Sol pel canto il massimo impegno. Un sol canto Da tante voci s\u2019ode soltanto Si trovano uniti sol per cantare Fraterna amicizia li lega fra loro Questo \u00e8 il coro. (Luciano Guglielmi) &nbsp; A &hellip; <\/p>\n<p><a class=\"more-link btn\" href=\"https:\/\/www.amicidellamusicafumane.it\/?page_id=389\">Continua a leggere<\/a><\/p>\n","protected":false},"author":4,"featured_media":0,"parent":378,"menu_order":20,"comment_status":"open","ping_status":"open","template":"","meta":{"footnotes":""},"class_list":["post-389","page","type-page","status-publish","hentry","nodate","item-wrap"],"_links":{"self":[{"href":"https:\/\/www.amicidellamusicafumane.it\/index.php?rest_route=\/wp\/v2\/pages\/389","targetHints":{"allow":["GET"]}}],"collection":[{"href":"https:\/\/www.amicidellamusicafumane.it\/index.php?rest_route=\/wp\/v2\/pages"}],"about":[{"href":"https:\/\/www.amicidellamusicafumane.it\/index.php?rest_route=\/wp\/v2\/types\/page"}],"author":[{"embeddable":true,"href":"https:\/\/www.amicidellamusicafumane.it\/index.php?rest_route=\/wp\/v2\/users\/4"}],"replies":[{"embeddable":true,"href":"https:\/\/www.amicidellamusicafumane.it\/index.php?rest_route=%2Fwp%2Fv2%2Fcomments&post=389"}],"version-history":[{"count":14,"href":"https:\/\/www.amicidellamusicafumane.it\/index.php?rest_route=\/wp\/v2\/pages\/389\/revisions"}],"predecessor-version":[{"id":391,"href":"https:\/\/www.amicidellamusicafumane.it\/index.php?rest_route=\/wp\/v2\/pages\/389\/revisions\/391"}],"up":[{"embeddable":true,"href":"https:\/\/www.amicidellamusicafumane.it\/index.php?rest_route=\/wp\/v2\/pages\/378"}],"wp:attachment":[{"href":"https:\/\/www.amicidellamusicafumane.it\/index.php?rest_route=%2Fwp%2Fv2%2Fmedia&parent=389"}],"curies":[{"name":"wp","href":"https:\/\/api.w.org\/{rel}","templated":true}]}}