{"id":414,"date":"2012-10-12T22:24:53","date_gmt":"2012-10-12T20:24:53","guid":{"rendered":"http:\/\/www.amicidellamusicafumane.it\/?page_id=414"},"modified":"2012-10-12T22:39:10","modified_gmt":"2012-10-12T20:39:10","slug":"la-tappa-dei-20-anni","status":"publish","type":"page","link":"https:\/\/www.amicidellamusicafumane.it\/?page_id=414","title":{"rendered":"La Tappa dei 20 Anni"},"content":{"rendered":"<p style=\"text-align: justify;\"><a href=\"http:\/\/www.amicidellamusicafumane.it\/immagini\/2012\/10\/coro-015.jpg\" data-lbwps-width=\"800\" data-lbwps-height=\"613\" data-lbwps-srcsmall=\"https:\/\/www.amicidellamusicafumane.it\/immagini\/2012\/10\/coro-015.jpg\"><img loading=\"lazy\" decoding=\"async\" class=\"alignleft  wp-image-419\" title=\"coro 015\" src=\"http:\/\/www.amicidellamusicafumane.it\/immagini\/2012\/10\/coro-015-300x229.jpg\" alt=\"\" width=\"240\" height=\"183\" srcset=\"https:\/\/www.amicidellamusicafumane.it\/immagini\/2012\/10\/coro-015-300x229.jpg 300w, https:\/\/www.amicidellamusicafumane.it\/immagini\/2012\/10\/coro-015.jpg 800w\" sizes=\"auto, (max-width: 240px) 100vw, 240px\" \/><\/a>Vent&#8217;anni. \u00a0Non sono certo pochi, almeno per la vita di un coro.<br \/>\nEssi rappresentano infatti la militanza di una intera generazione, purtroppo anche con relativo ricambio: figli che nel frattempo hanno assunto il ruolo di padri, padri che frattempo sono diventati nonni. Gente che se ne \u00e8 andata e gente che \u00e8 sopraggiunta, non sempre a rimpiazzare tutti i vuoti di chi, per un motivo o per un altro, ha lasciato.<br \/>\nVent&#8217;anni di impegno concreto, talvolta anche gravoso, con prove bisettimanali, con maestri esigenti, sempre pi\u00f9 esigenti.\u00a0Vent&#8217;anni per\u00f2 di soddisfazioni, che nessuno \u00e8 in grado compiutamente di dire. Affermazioni dovute alla competenza e alla pazienza dei maestri, ed in particolare di Giorgio Croci, ma dovute anche alla passione e alla costanza di tutti i coristi, uomini e donne, pi\u00f9 giovani e meno giovani.<br \/>\nIn giro per la Valpolicella, per il Veronese, per il Veneto e per altre regioni d&#8217;Italia (ma con qualche puntata anche all&#8217;estero) il coro \u00abAmici della Musica\u00bb si \u00e8 fatto onore e ha fatto onore a Fumane, giungendo spesso ad alti traguardi, suscitando comunque simpatia ed entusiasmo, anche per il calore umano che tutti i singoli coristi hanno saputo in ogni occasione dimostrare.<br \/>\nE se \u00e8 gi\u00e0 un merito per questo complesso &#8211; come \u00e8 stato pi\u00f9 volte sottolineato &#8211; il solo fatto di esistere e di resistere (nonostante il costume sempre pi\u00f9 allergico al sacrificio e all&#8217;impegno che non sia praticamente redditizio) un merito per certi aspetti ancora pi\u00f9 grande \u00e8 questa capacit\u00e0 del nostro coro non solo di saper fare \u00abbuona musica\u00bb, ma anche di diffondere entusiasmo e simpatia, entro e fuori le sue fila.<br \/>\nVent&#8217;anni sono passati e altri anni (ci auguriamo moltissimi) stanno davanti. Quanti? Non lo sappiamo. Certo: sar\u00e0 compito dei coristi pi\u00f9 anziani innestare nuova linfa nell&#8217;organismo, con vincendo nuove generazioni a spartire con la loro passione ed entusiasmo, facendo loro capire la gioia di stare insieme, di cantare insieme, di spartire insieme momenti di impegno e momenti di soddisfazione.<br \/>\nEd \u00e8 proprio con questo augurio che il ventennale potrebbe concludersi: porsi come momento di riflessione per il passato e momento di proposta per il futuro, tenendo alta la bandiera di una associazione fumanese ormai di buon diritto entrata nella nostra piccola storia.<\/p>\n<p style=\"text-align: right;\">Alcune considerazioni di Pierpaolo Brugnoli in occasione del ventennale.<\/p>\n","protected":false},"excerpt":{"rendered":"<p>Vent&#8217;anni. \u00a0Non sono certo pochi, almeno per la vita di un coro. Essi rappresentano infatti la militanza di una intera generazione, purtroppo anche con relativo ricambio: figli che nel frattempo hanno assunto il ruolo di padri, padri che frattempo sono diventati nonni. Gente che se ne \u00e8 andata e gente che \u00e8 sopraggiunta, non sempre &hellip; <\/p>\n<p><a class=\"more-link btn\" href=\"https:\/\/www.amicidellamusicafumane.it\/?page_id=414\">Continua a leggere<\/a><\/p>\n","protected":false},"author":4,"featured_media":0,"parent":265,"menu_order":40,"comment_status":"open","ping_status":"open","template":"","meta":{"footnotes":""},"class_list":["post-414","page","type-page","status-publish","hentry","nodate","item-wrap"],"_links":{"self":[{"href":"https:\/\/www.amicidellamusicafumane.it\/index.php?rest_route=\/wp\/v2\/pages\/414","targetHints":{"allow":["GET"]}}],"collection":[{"href":"https:\/\/www.amicidellamusicafumane.it\/index.php?rest_route=\/wp\/v2\/pages"}],"about":[{"href":"https:\/\/www.amicidellamusicafumane.it\/index.php?rest_route=\/wp\/v2\/types\/page"}],"author":[{"embeddable":true,"href":"https:\/\/www.amicidellamusicafumane.it\/index.php?rest_route=\/wp\/v2\/users\/4"}],"replies":[{"embeddable":true,"href":"https:\/\/www.amicidellamusicafumane.it\/index.php?rest_route=%2Fwp%2Fv2%2Fcomments&post=414"}],"version-history":[{"count":4,"href":"https:\/\/www.amicidellamusicafumane.it\/index.php?rest_route=\/wp\/v2\/pages\/414\/revisions"}],"predecessor-version":[{"id":417,"href":"https:\/\/www.amicidellamusicafumane.it\/index.php?rest_route=\/wp\/v2\/pages\/414\/revisions\/417"}],"up":[{"embeddable":true,"href":"https:\/\/www.amicidellamusicafumane.it\/index.php?rest_route=\/wp\/v2\/pages\/265"}],"wp:attachment":[{"href":"https:\/\/www.amicidellamusicafumane.it\/index.php?rest_route=%2Fwp%2Fv2%2Fmedia&parent=414"}],"curies":[{"name":"wp","href":"https:\/\/api.w.org\/{rel}","templated":true}]}}