{"id":470,"date":"2012-10-12T23:47:43","date_gmt":"2012-10-12T21:47:43","guid":{"rendered":"http:\/\/www.amicidellamusicafumane.it\/?page_id=470"},"modified":"2012-10-13T12:34:34","modified_gmt":"2012-10-13T10:34:34","slug":"aria-nuova-dalla-germania","status":"publish","type":"page","link":"https:\/\/www.amicidellamusicafumane.it\/?page_id=470","title":{"rendered":"Aria nuova dalla germania"},"content":{"rendered":"<p style=\"text-align: justify;\">Dorino Pedretti scrive sulle pagine dell\u2019Arena in occasione del concerto tenuto nel luglio 1993, presenti gli \u201cAmici della Musica\u201d ed il coro<a href=\"http:\/\/www.amicidellamusicafumane.it\/immagini\/2012\/10\/giornal.jpg\" data-lbwps-width=\"692\" data-lbwps-height=\"378\" data-lbwps-srcsmall=\"https:\/\/www.amicidellamusicafumane.it\/immagini\/2012\/10\/giornal.jpg\"><img loading=\"lazy\" decoding=\"async\" class=\"alignright  wp-image-530\" title=\"Korn\" src=\"http:\/\/www.amicidellamusicafumane.it\/immagini\/2012\/10\/giornal-300x163.jpg\" alt=\"\" width=\"240\" height=\"130\" srcset=\"https:\/\/www.amicidellamusicafumane.it\/immagini\/2012\/10\/giornal-300x163.jpg 300w, https:\/\/www.amicidellamusicafumane.it\/immagini\/2012\/10\/giornal.jpg 692w\" sizes=\"auto, (max-width: 240px) 100vw, 240px\" \/><\/a> femminile cecoslovacco \u201cPisen\u201d: &lt;&lt;\u2026 una serata di respiro \u201ceuropeo\u201d non solo per l\u2019ovvia diversit\u00e0 etnica dei coristi ma anche perch\u00e9 il gruppo fumanese ha dato\u00a0all&#8217;ascolto\u00a0un ventaglio di modelli espressivi multinazionali, antichi e moderni. Da pochi mesi lo concerta Sebastian Korn, un esperto didatta di origine tedesca ma naturalizzato fumanese, che ai ritmi sa conferire originali variazioni e colori. Senza dubbio una coraggiosa innovazione per un coro da decenni alle prese con fastosi percorsi polifonici, il cui valore non andr\u00e0 dimenticato. &#8230; &gt;&gt;<\/p>\n<p style=\"text-align: justify;\"><a href=\"http:\/\/www.amicidellamusicafumane.it\/immagini\/2012\/10\/coro-036.jpg\" data-lbwps-width=\"800\" data-lbwps-height=\"527\" data-lbwps-srcsmall=\"https:\/\/www.amicidellamusicafumane.it\/immagini\/2012\/10\/coro-036.jpg\"><img loading=\"lazy\" decoding=\"async\" class=\"alignleft  wp-image-474\" title=\"coro 036\" src=\"http:\/\/www.amicidellamusicafumane.it\/immagini\/2012\/10\/coro-036-300x197.jpg\" alt=\"\" width=\"270\" height=\"177\" srcset=\"https:\/\/www.amicidellamusicafumane.it\/immagini\/2012\/10\/coro-036-300x197.jpg 300w, https:\/\/www.amicidellamusicafumane.it\/immagini\/2012\/10\/coro-036.jpg 800w\" sizes=\"auto, (max-width: 270px) 100vw, 270px\" \/><\/a>L\u2019arrivo del nuovo maestro, Sebastian Korn, \u00e8 stato per il coro un cambiamento notevole. Non mancarono certo le difficolt\u00e0: cambiava la tecnica ed il ritmo di insegnamento. I nuovi brani, provenienti da tutto il mondo, venivano proposti nelle lingue originali, impegnando i coristi in modo inusuale.\u00a0Trovata la sintonia con la nuova direzione, il repertorio popolare proposto fu subito accolto con favore dal coro che ritrov\u00f2 nuovo entusiasmo e vigore.<\/p>\n<p>I BRANI DEL MOMENTO<\/p>\n<p style=\"text-align: justify;\">Pasci angionedda &#8211; Ma Julietta dama &#8211; \u00a0El grillo \u00a0&#8211; Da un tenero virgulto &#8211; Puer natus &#8211; Il est n\u00e9 &#8211; Militza &#8211; Csardas &#8211; Jodler di natale &#8211; Ave Maria &#8211; Tourdion &#8211; Carnavalito &#8211; Shalom &#8211;\u00a0Nella sera di gran pace.<\/p>\n<p style=\"text-align: justify;\"><span style=\"text-align: justify;\">Questi primi anni novanta sono stati sicuramente caratterizzati dalla \u201cmeteora\u201d Korn. Gi\u00e0, perch\u00e9 la sua direzione \u00e8 durata poco meno di tre anni. Finita la collaborazione nel 1992 con il maestro Guglielmi, il coro si presenta sotto la nuova direzione con una rinnovata veste. Alle rassegne dove viene invitato, si nota subito il cambiamento e i commenti sono tutti positivi. La vivacit\u00e0, il ritmo del nuovo repertorio suscitano simpatia. In tutto l\u2019ambiente corale veronese si parla del nuovo corso intrapreso dagli \u201cAmici della Musica\u201d.\u00a0La collaborazione con il maestro Korn\u00a0 continuer\u00e0 fino alla fine del 1994.<\/span><\/p>\n","protected":false},"excerpt":{"rendered":"<p>Dorino Pedretti scrive sulle pagine dell\u2019Arena in occasione del concerto tenuto nel luglio 1993, presenti gli \u201cAmici della Musica\u201d ed il coro femminile cecoslovacco \u201cPisen\u201d: &lt;&lt;\u2026 una serata di respiro \u201ceuropeo\u201d non solo per l\u2019ovvia diversit\u00e0 etnica dei coristi ma anche perch\u00e9 il gruppo fumanese ha dato\u00a0all&#8217;ascolto\u00a0un ventaglio di modelli espressivi multinazionali, antichi e moderni. &hellip; <\/p>\n<p><a class=\"more-link btn\" href=\"https:\/\/www.amicidellamusicafumane.it\/?page_id=470\">Continua a leggere<\/a><\/p>\n","protected":false},"author":4,"featured_media":0,"parent":426,"menu_order":10,"comment_status":"open","ping_status":"closed","template":"","meta":{"footnotes":""},"class_list":["post-470","page","type-page","status-publish","hentry","nodate","item-wrap"],"_links":{"self":[{"href":"https:\/\/www.amicidellamusicafumane.it\/index.php?rest_route=\/wp\/v2\/pages\/470","targetHints":{"allow":["GET"]}}],"collection":[{"href":"https:\/\/www.amicidellamusicafumane.it\/index.php?rest_route=\/wp\/v2\/pages"}],"about":[{"href":"https:\/\/www.amicidellamusicafumane.it\/index.php?rest_route=\/wp\/v2\/types\/page"}],"author":[{"embeddable":true,"href":"https:\/\/www.amicidellamusicafumane.it\/index.php?rest_route=\/wp\/v2\/users\/4"}],"replies":[{"embeddable":true,"href":"https:\/\/www.amicidellamusicafumane.it\/index.php?rest_route=%2Fwp%2Fv2%2Fcomments&post=470"}],"version-history":[{"count":12,"href":"https:\/\/www.amicidellamusicafumane.it\/index.php?rest_route=\/wp\/v2\/pages\/470\/revisions"}],"predecessor-version":[{"id":533,"href":"https:\/\/www.amicidellamusicafumane.it\/index.php?rest_route=\/wp\/v2\/pages\/470\/revisions\/533"}],"up":[{"embeddable":true,"href":"https:\/\/www.amicidellamusicafumane.it\/index.php?rest_route=\/wp\/v2\/pages\/426"}],"wp:attachment":[{"href":"https:\/\/www.amicidellamusicafumane.it\/index.php?rest_route=%2Fwp%2Fv2%2Fmedia&parent=470"}],"curies":[{"name":"wp","href":"https:\/\/api.w.org\/{rel}","templated":true}]}}