{"id":486,"date":"2012-10-13T00:29:19","date_gmt":"2012-10-12T22:29:19","guid":{"rendered":"http:\/\/www.amicidellamusicafumane.it\/?page_id=486"},"modified":"2012-10-13T12:23:28","modified_gmt":"2012-10-13T10:23:28","slug":"nuove-esperienze","status":"publish","type":"page","link":"https:\/\/www.amicidellamusicafumane.it\/?page_id=486","title":{"rendered":"Cambiare e andare avanti"},"content":{"rendered":"<p style=\"text-align: justify;\"><a href=\"http:\/\/www.amicidellamusicafumane.it\/immagini\/2012\/10\/diapo-3110.jpg\" data-lbwps-width=\"800\" data-lbwps-height=\"528\" data-lbwps-srcsmall=\"https:\/\/www.amicidellamusicafumane.it\/immagini\/2012\/10\/diapo-3110.jpg\"><img loading=\"lazy\" decoding=\"async\" class=\"alignleft  wp-image-526\" title=\"Assisi\" src=\"http:\/\/www.amicidellamusicafumane.it\/immagini\/2012\/10\/diapo-3110-300x198.jpg\" alt=\"\" width=\"240\" height=\"158\" srcset=\"https:\/\/www.amicidellamusicafumane.it\/immagini\/2012\/10\/diapo-3110-300x198.jpg 300w, https:\/\/www.amicidellamusicafumane.it\/immagini\/2012\/10\/diapo-3110.jpg 800w\" sizes=\"auto, (max-width: 240px) 100vw, 240px\" \/><\/a>L\u2019esperienza di Roma \u00e8 stata indimenticabile, la maestosit\u00e0 della citt\u00e0, il Vaticano, la Basilica di San Pietro, hanno lasciato il segno. Si \u00e8 voluto ricreare ancora quei momenti, ed Assisi \u00e8 diventata subito la nuova meta.\u00a0La messa animata dagli Amici della Musica, la spiritualit\u00e0 che traspira da quei luoghi, non hanno deluso.<\/p>\n<p style=\"text-align: justify;\">La nuova stagione era partita bene, almeno cos\u00ec sembrava ai i pi\u00f9. A San Briccio si era tenuta un\u2019importante Rappresentazione Sacra in occasione della Settimana Santa con i cori: Voci Bianche di Verona, La Fonte di San Briccio, La Castellana di Castel d\u2019Azzano e Santa Cecilia di Cadidavid.<br \/>\nPoi in Primavera una serata internazionale con i cori Ensemble Vocal de Saverne (Francia) e MGV Burmocs 1894 (Austria). Dopo il viaggio ad Assisi in giugno, le incomprensioni e i problemi con il maestro Vicentini, prima sopiti o controllati,\u00a0 sono venuti prepotentemente a galla.<br \/>\n<a href=\"http:\/\/www.amicidellamusicafumane.it\/immagini\/2012\/10\/72-2134.jpg\" data-lbwps-width=\"800\" data-lbwps-height=\"534\" data-lbwps-srcsmall=\"https:\/\/www.amicidellamusicafumane.it\/immagini\/2012\/10\/72-2134.jpg\"><img loading=\"lazy\" decoding=\"async\" class=\"alignleft  wp-image-523\" title=\"Saverne\" src=\"http:\/\/www.amicidellamusicafumane.it\/immagini\/2012\/10\/72-2134-300x200.jpg\" alt=\"\" width=\"240\" height=\"160\" srcset=\"https:\/\/www.amicidellamusicafumane.it\/immagini\/2012\/10\/72-2134-300x200.jpg 300w, https:\/\/www.amicidellamusicafumane.it\/immagini\/2012\/10\/72-2134.jpg 800w\" sizes=\"auto, (max-width: 240px) 100vw, 240px\" \/><\/a>Dai bei giorni solari e spensierati di Assisi, il coro si \u00e8 trovato in crisi. Il malumore e la sfiducia prevalevano sulla capacit\u00e0 del coro, in altri momenti dimostrata, di superare le difficolt\u00e0. Il nuovo presidente Donatello Sempreboni, che nel rinnovo delle cariche fatte in primavera aveva sostituito Damiano Cottini, cerc\u00f2 con un stratagemma di tenere unito e compatto il coro, in attesa di soluzioni. Quando una coppia \u00e8 in crisi, il consiglio che si d\u00e0 e che in tanti casi diventa la soluzione, \u00e8 partire per un viaggio. L\u2019idea che poi risult\u00f2 azzeccata, fu subito accolta.\u00a0Il coro francese ospitato in primavera \u00e8 di Saverne, vicino a Strasburgo. L\u2019invito ricevuto ad andarli a trovare e la disponibilit\u00e0 del maestro Korn ad\u00a0 accompagnarci, semplificano le cose: si parte per Strasburgo. L&#8217;accoglienza festosa e la dolcezza del paesaggio francese ci ridanno coesione<a href=\"http:\/\/www.amicidellamusicafumane.it\/immagini\/2012\/10\/72-2125.jpg\" data-lbwps-width=\"800\" data-lbwps-height=\"534\" data-lbwps-srcsmall=\"https:\/\/www.amicidellamusicafumane.it\/immagini\/2012\/10\/72-2125.jpg\"><img loading=\"lazy\" decoding=\"async\" class=\"alignright  wp-image-522\" title=\"Strasburgo\" src=\"http:\/\/www.amicidellamusicafumane.it\/immagini\/2012\/10\/72-2125-300x200.jpg\" alt=\"\" width=\"240\" height=\"160\" srcset=\"https:\/\/www.amicidellamusicafumane.it\/immagini\/2012\/10\/72-2125-300x200.jpg 300w, https:\/\/www.amicidellamusicafumane.it\/immagini\/2012\/10\/72-2125.jpg 800w\" sizes=\"auto, (max-width: 240px) 100vw, 240px\" \/><\/a> ed entusiasmo. Ma al ritorno non tutto \u00e8 risolto.\u00a0Siamo ormai nel periodo di Natale; \u00a0si avvicinano i concerti e le rassegne natalizie e\u00a0al coro manca ancora la direzione. La disponibilit\u00e0 di una giovane direttrice, Daniela Candiotto, ci aiuta a superare anche questo scoglio.\u00a0Con un repertorio natalizio ormai consolidato, siamo cos\u00ec presenti al concerto organizzato dagli Alpini della Valpolicella a San Pietro, poi con l\u2019Associazione Gruppi Corali Veronesi a Verona e a Fumane con gli altri cori del paese.<\/p>\n","protected":false},"excerpt":{"rendered":"<p>L\u2019esperienza di Roma \u00e8 stata indimenticabile, la maestosit\u00e0 della citt\u00e0, il Vaticano, la Basilica di San Pietro, hanno lasciato il segno. Si \u00e8 voluto ricreare ancora quei momenti, ed Assisi \u00e8 diventata subito la nuova meta.\u00a0La messa animata dagli Amici della Musica, la spiritualit\u00e0 che traspira da quei luoghi, non hanno deluso. La nuova stagione &hellip; <\/p>\n<p><a class=\"more-link btn\" href=\"https:\/\/www.amicidellamusicafumane.it\/?page_id=486\">Continua a leggere<\/a><\/p>\n","protected":false},"author":4,"featured_media":0,"parent":426,"menu_order":4,"comment_status":"open","ping_status":"closed","template":"","meta":{"footnotes":""},"class_list":["post-486","page","type-page","status-publish","hentry","nodate","item-wrap"],"_links":{"self":[{"href":"https:\/\/www.amicidellamusicafumane.it\/index.php?rest_route=\/wp\/v2\/pages\/486","targetHints":{"allow":["GET"]}}],"collection":[{"href":"https:\/\/www.amicidellamusicafumane.it\/index.php?rest_route=\/wp\/v2\/pages"}],"about":[{"href":"https:\/\/www.amicidellamusicafumane.it\/index.php?rest_route=\/wp\/v2\/types\/page"}],"author":[{"embeddable":true,"href":"https:\/\/www.amicidellamusicafumane.it\/index.php?rest_route=\/wp\/v2\/users\/4"}],"replies":[{"embeddable":true,"href":"https:\/\/www.amicidellamusicafumane.it\/index.php?rest_route=%2Fwp%2Fv2%2Fcomments&post=486"}],"version-history":[{"count":9,"href":"https:\/\/www.amicidellamusicafumane.it\/index.php?rest_route=\/wp\/v2\/pages\/486\/revisions"}],"predecessor-version":[{"id":521,"href":"https:\/\/www.amicidellamusicafumane.it\/index.php?rest_route=\/wp\/v2\/pages\/486\/revisions\/521"}],"up":[{"embeddable":true,"href":"https:\/\/www.amicidellamusicafumane.it\/index.php?rest_route=\/wp\/v2\/pages\/426"}],"wp:attachment":[{"href":"https:\/\/www.amicidellamusicafumane.it\/index.php?rest_route=%2Fwp%2Fv2%2Fmedia&parent=486"}],"curies":[{"name":"wp","href":"https:\/\/api.w.org\/{rel}","templated":true}]}}